{"id":162,"date":"2025-05-16T14:47:47","date_gmt":"2025-05-16T14:47:47","guid":{"rendered":"https:\/\/deeppink-salmon-363959.hostingersite.com\/?page_id=162"},"modified":"2025-06-23T20:28:20","modified_gmt":"2025-06-23T20:28:20","slug":"trout-farm","status":"publish","type":"page","link":"https:\/\/rugovacamp.com\/de\/trout-farm\/","title":{"rendered":"Forellenzucht"},"content":{"rendered":"<div data-elementor-type=\"wp-page\" data-elementor-id=\"162\" class=\"elementor elementor-162\" data-elementor-settings=\"{&quot;ha_cmc_init_switcher&quot;:&quot;no&quot;}\" data-elementor-post-type=\"page\">\n\t\t\t\t\t\t<section class=\"elementor-section elementor-top-section elementor-element elementor-element-88fcb81 elementor-section-height-min-height elementor-section-items-bottom elementor-section-content-bottom elementor-section-boxed elementor-section-height-default\" data-id=\"88fcb81\" data-element_type=\"section\" data-e-type=\"section\" data-settings=\"{&quot;background_background&quot;:&quot;classic&quot;,&quot;_ha_eqh_enable&quot;:false}\">\n\t\t\t\t\t\t\t<div class=\"elementor-background-overlay\"><\/div>\n\t\t\t\t\t\t\t<div class=\"elementor-container elementor-column-gap-default\">\n\t\t\t\t\t<div class=\"elementor-column elementor-col-100 elementor-top-column elementor-element elementor-element-ebd2c13\" data-id=\"ebd2c13\" data-element_type=\"column\" data-e-type=\"column\">\n\t\t\t<div class=\"elementor-widget-wrap elementor-element-populated\">\n\t\t\t\t\t\t<div class=\"elementor-element elementor-element-aa02c39 elementor-widget elementor-widget-heading\" data-id=\"aa02c39\" data-element_type=\"widget\" data-e-type=\"widget\" data-widget_type=\"heading.default\">\n\t\t\t\t\t<h4 class=\"elementor-heading-title elementor-size-default\">Forellenzucht<\/h4>\t\t\t\t<\/div>\n\t\t\t\t<div class=\"elementor-element elementor-element-283a22d elementor-widget elementor-widget-heading\" data-id=\"283a22d\" data-element_type=\"widget\" data-e-type=\"widget\" data-widget_type=\"heading.default\">\n\t\t\t\t\t<h3 class=\"elementor-heading-title elementor-size-default\">Frisch aus dem Bergwasser<\/h3>\t\t\t\t<\/div>\n\t\t\t\t\t<\/div>\n\t\t<\/div>\n\t\t\t\t\t<\/div>\n\t\t<\/section>\n\t\t\t\t<section class=\"elementor-section elementor-top-section elementor-element elementor-element-9490323 elementor-section-height-min-height elementor-section-items-stretch elementor-section-boxed elementor-section-height-default\" data-id=\"9490323\" data-element_type=\"section\" data-e-type=\"section\" data-settings=\"{&quot;background_background&quot;:&quot;classic&quot;,&quot;_ha_eqh_enable&quot;:false}\">\n\t\t\t\t\t\t<div class=\"elementor-container elementor-column-gap-default\">\n\t\t\t\t\t<div class=\"elementor-column elementor-col-50 elementor-top-column elementor-element elementor-element-bbeaaa6\" data-id=\"bbeaaa6\" data-element_type=\"column\" data-e-type=\"column\">\n\t\t\t<div class=\"elementor-widget-wrap elementor-element-populated\">\n\t\t\t\t\t\t<div class=\"elementor-element elementor-element-2d5c300 elementor-widget elementor-widget-heading\" data-id=\"2d5c300\" data-element_type=\"widget\" data-e-type=\"widget\" data-widget_type=\"heading.default\">\n\t\t\t\t\t<h3 class=\"elementor-heading-title elementor-size-default\">Gez\u00fcchtet im reinen Wasser von Rugova, \u00fcber 1000 Meter \u00fcber dem Meeresspiegel<\/h3>\t\t\t\t<\/div>\n\t\t\t\t<section class=\"elementor-section elementor-inner-section elementor-element elementor-element-8eee303 elementor-section-full_width elementor-section-height-default elementor-section-height-default\" data-id=\"8eee303\" data-element_type=\"section\" data-e-type=\"section\" data-settings=\"{&quot;_ha_eqh_enable&quot;:false}\">\n\t\t\t\t\t\t<div class=\"elementor-container elementor-column-gap-default\">\n\t\t\t\t\t<div class=\"elementor-column elementor-col-100 elementor-inner-column elementor-element elementor-element-8d7a5ab\" data-id=\"8d7a5ab\" data-element_type=\"column\" data-e-type=\"column\">\n\t\t\t<div class=\"elementor-widget-wrap elementor-element-populated\">\n\t\t\t\t\t\t<div class=\"elementor-element elementor-element-b50b5fd elementor-widget elementor-widget-text-editor\" data-id=\"b50b5fd\" data-element_type=\"widget\" data-e-type=\"widget\" data-widget_type=\"text-editor.default\">\n\t\t\t\t\t\t\t\t\t<p id=\"desc-0\">Im Rugova Camp ist unsere Forelle nicht nur frisch \u2013 sie wird in den sauberen, kalten Berggew\u00e4ssern von Rugova geboren und aufgezogen, \u00fcber 1000 Meter \u00fcber dem Meeresspiegel. In nat\u00fcrlichen Bedingungen gewachsen \u2013 mit reinem Quellwasser und alpinem Klima \u2013 bietet unsere Forelle einen unvergleichlichen Geschmack, der die unber\u00fchrte Sch\u00f6nheit der Region widerspiegelt. Ob gegrillt oder gebacken \u2013 jedes Gericht bringt den authentischen Geschmack der Berge direkt auf Ihren Teller. Erleben Sie Fisch, wie ihn die Natur vorgesehen hat \u2013 rein, einfach und voller Leben.<\/p>\t\t\t\t\t\t\t\t<\/div>\n\t\t\t\t<div class=\"elementor-element elementor-element-e401b96 elementor-align-left elementor-widget elementor-widget-button\" data-id=\"e401b96\" data-element_type=\"widget\" data-e-type=\"widget\" data-widget_type=\"button.default\">\n\t\t\t\t\t\t\t\t\t\t<a class=\"elementor-button elementor-button-link elementor-size-sm\" href=\"https:\/\/www.booking.com\/hotel\/xk\/villa-rugova-camp.en-gb.html?aid=2311236&#038;label=en-xk-booking-desktop-K5RdKGOM9t0KdK65F_UkKAS652828998412%3Apl%3Ata%3Ap1%3Ap2%3Aac%3Aap%3Aneg%3Afi%3Atikwd-65526620%3Alp9070446%3Ali%3Adec%3Adm-Share-H6RArAg%401750153482&#038;sid=1633b39ea7e51dc9ad2015494586e319&#038;dest_id=900050010&#038;dest_type=city&#038;dist=0&#038;group_adults=2&#038;group_children=0&#038;hapos=1&#038;hpos=1&#038;no_rooms=1&#038;req_adults=2&#038;req_children=0&#038;room1=A%2CA&#038;sb_price_type=total&#038;sr_order=popularity&#038;srepoch=1750153517&#038;srpvid=557a449147110169&#038;type=total&#038;ucfs=1&#038;\" target=\"_blank\">\n\t\t\t\t\t\t<span class=\"elementor-button-content-wrapper\">\n\t\t\t\t\t\t<span class=\"elementor-button-icon\">\n\t\t\t\t<i aria-hidden=\"true\" class=\"fas fa-arrow-right\"><\/i>\t\t\t<\/span>\n\t\t\t\t\t\t\t\t\t<span class=\"elementor-button-text\">Jetzt buchen<\/span>\n\t\t\t\t\t<\/span>\n\t\t\t\t\t<\/a>\n\t\t\t\t\t\t\t\t<\/div>\n\t\t\t\t\t<\/div>\n\t\t<\/div>\n\t\t\t\t\t<\/div>\n\t\t<\/section>\n\t\t\t\t\t<\/div>\n\t\t<\/div>\n\t\t\t\t<div class=\"elementor-column elementor-col-50 elementor-top-column elementor-element elementor-element-49cf33f\" data-id=\"49cf33f\" data-element_type=\"column\" data-e-type=\"column\" data-settings=\"{&quot;background_background&quot;:&quot;classic&quot;}\">\n\t\t\t<div class=\"elementor-widget-wrap elementor-element-populated\">\n\t\t\t\t\t\t<div class=\"elementor-element elementor-element-af4a960 elementor-widget elementor-widget-spacer\" data-id=\"af4a960\" data-element_type=\"widget\" data-e-type=\"widget\" data-widget_type=\"spacer.default\">\n\t\t\t\t\t\t\t<div class=\"elementor-spacer\">\n\t\t\t<div class=\"elementor-spacer-inner\"><\/div>\n\t\t<\/div>\n\t\t\t\t\t\t<\/div>\n\t\t\t\t\t<\/div>\n\t\t<\/div>\n\t\t\t\t\t<\/div>\n\t\t<\/section>\n\t\t\t\t<section class=\"elementor-section elementor-top-section elementor-element elementor-element-d87f625 elementor-section-boxed elementor-section-height-default elementor-section-height-default\" data-id=\"d87f625\" data-element_type=\"section\" data-e-type=\"section\" data-settings=\"{&quot;background_background&quot;:&quot;classic&quot;,&quot;_ha_eqh_enable&quot;:false}\">\n\t\t\t\t\t\t<div class=\"elementor-container elementor-column-gap-default\">\n\t\t\t\t\t<div class=\"elementor-column elementor-col-100 elementor-top-column elementor-element elementor-element-f13db6a\" data-id=\"f13db6a\" data-element_type=\"column\" data-e-type=\"column\">\n\t\t\t<div class=\"elementor-widget-wrap elementor-element-populated\">\n\t\t\t\t\t\t<div class=\"elementor-element elementor-element-cb8a23c elementor-widget elementor-widget-heading\" data-id=\"cb8a23c\" data-element_type=\"widget\" data-e-type=\"widget\" data-widget_type=\"heading.default\">\n\t\t\t\t\t<h3 class=\"elementor-heading-title elementor-size-default\">Ein paar Schnappsch\u00fcsse aus unserer \u2013 Forellenzucht<\/h3>\t\t\t\t<\/div>\n\t\t\t\t<div class=\"elementor-element elementor-element-0f77766 elementor-widget elementor-widget-gallery\" data-id=\"0f77766\" data-element_type=\"widget\" data-e-type=\"widget\" data-settings=\"{&quot;overlay_title&quot;:&quot;title&quot;,&quot;image_hover_animation&quot;:&quot;grow&quot;,&quot;columns_mobile&quot;:2,&quot;lazyload&quot;:&quot;yes&quot;,&quot;gallery_layout&quot;:&quot;grid&quot;,&quot;columns&quot;:4,&quot;columns_tablet&quot;:2,&quot;gap&quot;:{&quot;unit&quot;:&quot;px&quot;,&quot;size&quot;:10,&quot;sizes&quot;:[]},&quot;gap_tablet&quot;:{&quot;unit&quot;:&quot;px&quot;,&quot;size&quot;:10,&quot;sizes&quot;:[]},&quot;gap_mobile&quot;:{&quot;unit&quot;:&quot;px&quot;,&quot;size&quot;:10,&quot;sizes&quot;:[]},&quot;link_to&quot;:&quot;file&quot;,&quot;aspect_ratio&quot;:&quot;3:2&quot;,&quot;overlay_background&quot;:&quot;yes&quot;,&quot;content_hover_animation&quot;:&quot;fade-in&quot;}\" data-widget_type=\"gallery.default\">\n\t\t\t\t\t\t\t<div class=\"elementor-gallery__container\">\n\t\t\t\t\t\t\t<a class=\"e-gallery-item elementor-gallery-item elementor-animated-content\" href=\"https:\/\/deeppink-salmon-363959.hostingersite.com\/wp-content\/uploads\/2025\/06\/48.jpg\" data-elementor-open-lightbox=\"yes\" data-elementor-lightbox-slideshow=\"0f77766\" data-elementor-lightbox-title=\"Rugova Camp\" data-e-action-hash=\"#elementor-action%3Aaction%3Dlightbox%26settings%3DeyJpZCI6MTYxOSwidXJsIjoiaHR0cHM6XC9cL2RlZXBwaW5rLXNhbG1vbi0zNjM5NTkuaG9zdGluZ2Vyc2l0ZS5jb21cL3dwLWNvbnRlbnRcL3VwbG9hZHNcLzIwMjVcLzA2XC80OC5qcGciLCJzbGlkZXNob3ciOiIwZjc3NzY2In0%3D\">\n\t\t\t\t\t<div class=\"e-gallery-image elementor-gallery-item__image\" data-thumbnail=\"https:\/\/deeppink-salmon-363959.hostingersite.com\/wp-content\/uploads\/2025\/06\/48.jpg\" data-width=\"1200\" data-height=\"1600\" aria-label=\"\" role=\"img\" ><\/div>\n\t\t\t\t\t\t\t\t\t\t\t<div class=\"elementor-gallery-item__overlay\"><\/div>\n\t\t\t\t\t\t\t\t\t\t\t\t\t\t\t<div class=\"elementor-gallery-item__content\">\n\t\t\t\t\t\t\t\t\t\t\t\t\t\t<div class=\"elementor-gallery-item__title\">\n\t\t\t\t\t\t\t\t\t\t\t\t\t\t\t\t\t\tRugova Camp\t\t\t\t\t\t\t\t<\/div>\n\t\t\t\t\t\t\t\t\t\t\t\t<\/div>\n\t\t\t\t\t\t\t\t\t<\/a>\n\t\t\t\t\t\t\t<a class=\"e-gallery-item elementor-gallery-item elementor-animated-content\" href=\"https:\/\/deeppink-salmon-363959.hostingersite.com\/wp-content\/uploads\/2025\/05\/470168096_8919916428091907_1807974524309933167_n.jpg\" data-elementor-open-lightbox=\"yes\" data-elementor-lightbox-slideshow=\"0f77766\" data-elementor-lightbox-title=\"Rugova Camp\" data-e-action-hash=\"#elementor-action%3Aaction%3Dlightbox%26settings%3DeyJpZCI6MzU5LCJ1cmwiOiJodHRwczpcL1wvZGVlcHBpbmstc2FsbW9uLTM2Mzk1OS5ob3N0aW5nZXJzaXRlLmNvbVwvd3AtY29udGVudFwvdXBsb2Fkc1wvMjAyNVwvMDVcLzQ3MDE2ODA5Nl84OTE5OTE2NDI4MDkxOTA3XzE4MDc5NzQ1MjQzMDk5MzMxNjdfbi5qcGciLCJzbGlkZXNob3ciOiIwZjc3NzY2In0%3D\">\n\t\t\t\t\t<div class=\"e-gallery-image elementor-gallery-item__image\" data-thumbnail=\"https:\/\/deeppink-salmon-363959.hostingersite.com\/wp-content\/uploads\/2025\/05\/470168096_8919916428091907_1807974524309933167_n.jpg\" data-width=\"1440\" data-height=\"1800\" aria-label=\"\" role=\"img\" ><\/div>\n\t\t\t\t\t\t\t\t\t\t\t<div class=\"elementor-gallery-item__overlay\"><\/div>\n\t\t\t\t\t\t\t\t\t\t\t\t\t\t\t<div class=\"elementor-gallery-item__content\">\n\t\t\t\t\t\t\t\t\t\t\t\t\t\t<div class=\"elementor-gallery-item__title\">\n\t\t\t\t\t\t\t\t\t\t\t\t\t\t\t\t\t\tRugova Camp\t\t\t\t\t\t\t\t<\/div>\n\t\t\t\t\t\t\t\t\t\t\t\t<\/div>\n\t\t\t\t\t\t\t\t\t<\/a>\n\t\t\t\t\t\t\t<a class=\"e-gallery-item elementor-gallery-item elementor-animated-content\" href=\"https:\/\/deeppink-salmon-363959.hostingersite.com\/wp-content\/uploads\/2025\/05\/62237567_2323233267760289_1179900685274054656_n.jpg\" data-elementor-open-lightbox=\"yes\" data-elementor-lightbox-slideshow=\"0f77766\" data-elementor-lightbox-title=\"Rugova Camp\" data-e-action-hash=\"#elementor-action%3Aaction%3Dlightbox%26settings%3DeyJpZCI6MzU4LCJ1cmwiOiJodHRwczpcL1wvZGVlcHBpbmstc2FsbW9uLTM2Mzk1OS5ob3N0aW5nZXJzaXRlLmNvbVwvd3AtY29udGVudFwvdXBsb2Fkc1wvMjAyNVwvMDVcLzYyMjM3NTY3XzIzMjMyMzMyNjc3NjAyODlfMTE3OTkwMDY4NTI3NDA1NDY1Nl9uLmpwZyIsInNsaWRlc2hvdyI6IjBmNzc3NjYifQ%3D%3D\">\n\t\t\t\t\t<div class=\"e-gallery-image elementor-gallery-item__image\" data-thumbnail=\"https:\/\/deeppink-salmon-363959.hostingersite.com\/wp-content\/uploads\/2025\/05\/62237567_2323233267760289_1179900685274054656_n.jpg\" data-width=\"960\" data-height=\"720\" aria-label=\"\" role=\"img\" ><\/div>\n\t\t\t\t\t\t\t\t\t\t\t<div class=\"elementor-gallery-item__overlay\"><\/div>\n\t\t\t\t\t\t\t\t\t\t\t\t\t\t\t<div class=\"elementor-gallery-item__content\">\n\t\t\t\t\t\t\t\t\t\t\t\t\t\t<div class=\"elementor-gallery-item__title\">\n\t\t\t\t\t\t\t\t\t\t\t\t\t\t\t\t\t\tRugova Camp\t\t\t\t\t\t\t\t<\/div>\n\t\t\t\t\t\t\t\t\t\t\t\t<\/div>\n\t\t\t\t\t\t\t\t\t<\/a>\n\t\t\t\t\t\t\t<a class=\"e-gallery-item elementor-gallery-item elementor-animated-content\" href=\"https:\/\/deeppink-salmon-363959.hostingersite.com\/wp-content\/uploads\/2025\/06\/36.jpg\" data-elementor-open-lightbox=\"yes\" data-elementor-lightbox-slideshow=\"0f77766\" data-elementor-lightbox-title=\"Rugova Camp\" data-e-action-hash=\"#elementor-action%3Aaction%3Dlightbox%26settings%3DeyJpZCI6MTYwOSwidXJsIjoiaHR0cHM6XC9cL2RlZXBwaW5rLXNhbG1vbi0zNjM5NTkuaG9zdGluZ2Vyc2l0ZS5jb21cL3dwLWNvbnRlbnRcL3VwbG9hZHNcLzIwMjVcLzA2XC8zNi5qcGciLCJzbGlkZXNob3ciOiIwZjc3NzY2In0%3D\">\n\t\t\t\t\t<div class=\"e-gallery-image elementor-gallery-item__image\" data-thumbnail=\"https:\/\/deeppink-salmon-363959.hostingersite.com\/wp-content\/uploads\/2025\/06\/36.jpg\" data-width=\"1200\" data-height=\"1600\" aria-label=\"\" role=\"img\" ><\/div>\n\t\t\t\t\t\t\t\t\t\t\t<div class=\"elementor-gallery-item__overlay\"><\/div>\n\t\t\t\t\t\t\t\t\t\t\t\t\t\t\t<div class=\"elementor-gallery-item__content\">\n\t\t\t\t\t\t\t\t\t\t\t\t\t\t<div class=\"elementor-gallery-item__title\">\n\t\t\t\t\t\t\t\t\t\t\t\t\t\t\t\t\t\tRugova Camp\t\t\t\t\t\t\t\t<\/div>\n\t\t\t\t\t\t\t\t\t\t\t\t<\/div>\n\t\t\t\t\t\t\t\t\t<\/a>\n\t\t\t\t\t<\/div>\n\t\t\t\t\t<\/div>\n\t\t\t\t\t<\/div>\n\t\t<\/div>\n\t\t\t\t\t<\/div>\n\t\t<\/section>\n\t\t\t\t<\/div>","protected":false},"excerpt":{"rendered":"<p>Trout Farm Fresh from the mountain water Raised in the Pure Waters of Rugova, Over 1000 Meters Above Sea Level At Rugova Camp, our trout isn\u2019t just fresh \u2014 it\u2019s born and raised in the clean, cold mountain waters of Rugova, over 1000 meters above sea level. Grown in natural conditions, with pure spring water [&hellip;]<\/p>\n","protected":false},"author":1,"featured_media":0,"parent":0,"menu_order":0,"comment_status":"closed","ping_status":"closed","template":"elementor_header_footer","meta":{"footnotes":""},"class_list":["post-162","page","type-page","status-publish","hentry"],"yoast_head":"<!-- This site is optimized with the Yoast SEO plugin v25.1 - https:\/\/yoast.com\/wordpress\/plugins\/seo\/ -->\n<title>Trout Farm - Rugova Camp<\/title>\n<meta name=\"robots\" content=\"index, follow, max-snippet:-1, max-image-preview:large, max-video-preview:-1\" \/>\n<link rel=\"canonical\" href=\"https:\/\/rugovacamp.com\/de\/trout-farm\/\" \/>\n<meta property=\"og:locale\" content=\"de_DE\" \/>\n<meta property=\"og:type\" content=\"article\" \/>\n<meta property=\"og:title\" content=\"Trout Farm - Rugova Camp\" \/>\n<meta property=\"og:description\" content=\"Trout Farm Fresh from the mountain water Raised in the Pure Waters of Rugova, Over 1000 Meters Above Sea Level At Rugova Camp, our trout isn\u2019t just fresh \u2014 it\u2019s born and raised in the clean, cold mountain waters of Rugova, over 1000 meters above sea level. Grown in natural conditions, with pure spring water [&hellip;]\" \/>\n<meta property=\"og:url\" content=\"https:\/\/rugovacamp.com\/de\/trout-farm\/\" \/>\n<meta property=\"og:site_name\" content=\"Rugova Camp\" \/>\n<meta property=\"article:modified_time\" content=\"2025-06-23T20:28:20+00:00\" \/>\n<meta name=\"twitter:card\" content=\"summary_large_image\" \/>\n<meta name=\"twitter:label1\" content=\"Est. reading time\" \/>\n\t<meta name=\"twitter:data1\" content=\"1\u00a0Minute\" \/>\n<script type=\"application\/ld+json\" class=\"yoast-schema-graph\">{\"@context\":\"https:\/\/schema.org\",\"@graph\":[{\"@type\":\"WebPage\",\"@id\":\"https:\/\/rugovacamp.com\/trout-farm\/\",\"url\":\"https:\/\/rugovacamp.com\/trout-farm\/\",\"name\":\"Trout Farm - Rugova Camp\",\"isPartOf\":{\"@id\":\"https:\/\/rugovacamp.com\/#website\"},\"datePublished\":\"2025-05-16T14:47:47+00:00\",\"dateModified\":\"2025-06-23T20:28:20+00:00\",\"breadcrumb\":{\"@id\":\"https:\/\/rugovacamp.com\/trout-farm\/#breadcrumb\"},\"inLanguage\":\"de\",\"potentialAction\":[{\"@type\":\"ReadAction\",\"target\":[\"https:\/\/rugovacamp.com\/trout-farm\/\"]}]},{\"@type\":\"BreadcrumbList\",\"@id\":\"https:\/\/rugovacamp.com\/trout-farm\/#breadcrumb\",\"itemListElement\":[{\"@type\":\"ListItem\",\"position\":1,\"name\":\"Home\",\"item\":\"https:\/\/rugovacamp.com\/\"},{\"@type\":\"ListItem\",\"position\":2,\"name\":\"Trout Farm\"}]},{\"@type\":\"WebSite\",\"@id\":\"https:\/\/rugovacamp.com\/#website\",\"url\":\"https:\/\/rugovacamp.com\/\",\"name\":\"Rugova Camp\",\"description\":\"\",\"publisher\":{\"@id\":\"https:\/\/rugovacamp.com\/#organization\"},\"potentialAction\":[{\"@type\":\"SearchAction\",\"target\":{\"@type\":\"EntryPoint\",\"urlTemplate\":\"https:\/\/rugovacamp.com\/?s={search_term_string}\"},\"query-input\":{\"@type\":\"PropertyValueSpecification\",\"valueRequired\":true,\"valueName\":\"search_term_string\"}}],\"inLanguage\":\"de\"},{\"@type\":\"Organization\",\"@id\":\"https:\/\/rugovacamp.com\/#organization\",\"name\":\"Rugova Camp\",\"url\":\"https:\/\/rugovacamp.com\/\",\"logo\":{\"@type\":\"ImageObject\",\"inLanguage\":\"de\",\"@id\":\"https:\/\/rugovacamp.com\/#\/schema\/logo\/image\/\",\"url\":\"https:\/\/rugovacamp.com\/wp-content\/uploads\/2023\/10\/cropped-Logo-3.png\",\"contentUrl\":\"https:\/\/rugovacamp.com\/wp-content\/uploads\/2023\/10\/cropped-Logo-3.png\",\"width\":350,\"height\":250,\"caption\":\"Rugova Camp\"},\"image\":{\"@id\":\"https:\/\/rugovacamp.com\/#\/schema\/logo\/image\/\"}}]}<\/script>\n<!-- \/ Yoast SEO plugin. -->","yoast_head_json":{"title":"Trout Farm - Rugova Camp","robots":{"index":"index","follow":"follow","max-snippet":"max-snippet:-1","max-image-preview":"max-image-preview:large","max-video-preview":"max-video-preview:-1"},"canonical":"https:\/\/rugovacamp.com\/de\/trout-farm\/","og_locale":"de_DE","og_type":"article","og_title":"Trout Farm - Rugova Camp","og_description":"Trout Farm Fresh from the mountain water Raised in the Pure Waters of Rugova, Over 1000 Meters Above Sea Level At Rugova Camp, our trout isn\u2019t just fresh \u2014 it\u2019s born and raised in the clean, cold mountain waters of Rugova, over 1000 meters above sea level. Grown in natural conditions, with pure spring water [&hellip;]","og_url":"https:\/\/rugovacamp.com\/de\/trout-farm\/","og_site_name":"Rugova Camp","article_modified_time":"2025-06-23T20:28:20+00:00","twitter_card":"summary_large_image","twitter_misc":{"Est. reading time":"1\u00a0Minute"},"schema":{"@context":"https:\/\/schema.org","@graph":[{"@type":"WebPage","@id":"https:\/\/rugovacamp.com\/trout-farm\/","url":"https:\/\/rugovacamp.com\/trout-farm\/","name":"Trout Farm - Rugova Camp","isPartOf":{"@id":"https:\/\/rugovacamp.com\/#website"},"datePublished":"2025-05-16T14:47:47+00:00","dateModified":"2025-06-23T20:28:20+00:00","breadcrumb":{"@id":"https:\/\/rugovacamp.com\/trout-farm\/#breadcrumb"},"inLanguage":"de","potentialAction":[{"@type":"ReadAction","target":["https:\/\/rugovacamp.com\/trout-farm\/"]}]},{"@type":"BreadcrumbList","@id":"https:\/\/rugovacamp.com\/trout-farm\/#breadcrumb","itemListElement":[{"@type":"ListItem","position":1,"name":"Home","item":"https:\/\/rugovacamp.com\/"},{"@type":"ListItem","position":2,"name":"Trout Farm"}]},{"@type":"WebSite","@id":"https:\/\/rugovacamp.com\/#website","url":"https:\/\/rugovacamp.com\/","name":"Rugova Camp","description":"","publisher":{"@id":"https:\/\/rugovacamp.com\/#organization"},"potentialAction":[{"@type":"SearchAction","target":{"@type":"EntryPoint","urlTemplate":"https:\/\/rugovacamp.com\/?s={search_term_string}"},"query-input":{"@type":"PropertyValueSpecification","valueRequired":true,"valueName":"search_term_string"}}],"inLanguage":"de"},{"@type":"Organization","@id":"https:\/\/rugovacamp.com\/#organization","name":"Rugova Camp","url":"https:\/\/rugovacamp.com\/","logo":{"@type":"ImageObject","inLanguage":"de","@id":"https:\/\/rugovacamp.com\/#\/schema\/logo\/image\/","url":"https:\/\/rugovacamp.com\/wp-content\/uploads\/2023\/10\/cropped-Logo-3.png","contentUrl":"https:\/\/rugovacamp.com\/wp-content\/uploads\/2023\/10\/cropped-Logo-3.png","width":350,"height":250,"caption":"Rugova Camp"},"image":{"@id":"https:\/\/rugovacamp.com\/#\/schema\/logo\/image\/"}}]}},"_links":{"self":[{"href":"https:\/\/rugovacamp.com\/de\/wp-json\/wp\/v2\/pages\/162","targetHints":{"allow":["GET"]}}],"collection":[{"href":"https:\/\/rugovacamp.com\/de\/wp-json\/wp\/v2\/pages"}],"about":[{"href":"https:\/\/rugovacamp.com\/de\/wp-json\/wp\/v2\/types\/page"}],"author":[{"embeddable":true,"href":"https:\/\/rugovacamp.com\/de\/wp-json\/wp\/v2\/users\/1"}],"replies":[{"embeddable":true,"href":"https:\/\/rugovacamp.com\/de\/wp-json\/wp\/v2\/comments?post=162"}],"version-history":[{"count":46,"href":"https:\/\/rugovacamp.com\/de\/wp-json\/wp\/v2\/pages\/162\/revisions"}],"predecessor-version":[{"id":2093,"href":"https:\/\/rugovacamp.com\/de\/wp-json\/wp\/v2\/pages\/162\/revisions\/2093"}],"wp:attachment":[{"href":"https:\/\/rugovacamp.com\/de\/wp-json\/wp\/v2\/media?parent=162"}],"curies":[{"name":"wp","href":"https:\/\/api.w.org\/{rel}","templated":true}]}}