{"id":158,"date":"2025-05-16T14:47:16","date_gmt":"2025-05-16T14:47:16","guid":{"rendered":"https:\/\/deeppink-salmon-363959.hostingersite.com\/?page_id=158"},"modified":"2025-06-23T20:18:42","modified_gmt":"2025-06-23T20:18:42","slug":"hotel-rooms","status":"publish","type":"page","link":"https:\/\/rugovacamp.com\/de\/hotel-rooms\/","title":{"rendered":"Hotel &amp; Zimmer"},"content":{"rendered":"<div data-elementor-type=\"wp-page\" data-elementor-id=\"158\" class=\"elementor elementor-158\" data-elementor-settings=\"{&quot;ha_cmc_init_switcher&quot;:&quot;no&quot;}\" data-elementor-post-type=\"page\">\n\t\t\t\t\t\t<section class=\"elementor-section elementor-top-section elementor-element elementor-element-990c919 elementor-section-height-min-height elementor-section-items-bottom elementor-section-content-bottom elementor-section-boxed elementor-section-height-default\" data-id=\"990c919\" data-element_type=\"section\" data-e-type=\"section\" data-settings=\"{&quot;background_background&quot;:&quot;classic&quot;,&quot;_ha_eqh_enable&quot;:false}\">\n\t\t\t\t\t\t\t<div class=\"elementor-background-overlay\"><\/div>\n\t\t\t\t\t\t\t<div class=\"elementor-container elementor-column-gap-default\">\n\t\t\t\t\t<div class=\"elementor-column elementor-col-100 elementor-top-column elementor-element elementor-element-98d34c0\" data-id=\"98d34c0\" data-element_type=\"column\" data-e-type=\"column\">\n\t\t\t<div class=\"elementor-widget-wrap elementor-element-populated\">\n\t\t\t\t\t\t<div class=\"elementor-element elementor-element-ffaf89f elementor-widget elementor-widget-heading\" data-id=\"ffaf89f\" data-element_type=\"widget\" data-e-type=\"widget\" data-widget_type=\"heading.default\">\n\t\t\t\t\t<h4 class=\"elementor-heading-title elementor-size-default\">Hotel &amp; Zimmer<\/h4>\t\t\t\t<\/div>\n\t\t\t\t<div class=\"elementor-element elementor-element-703b1a2 elementor-widget elementor-widget-heading\" data-id=\"703b1a2\" data-element_type=\"widget\" data-e-type=\"widget\" data-widget_type=\"heading.default\">\n\t\t\t\t\t<h3 class=\"elementor-heading-title elementor-size-default\">\u00dcbernachten Sie mit Bergkomfort<\/h3>\t\t\t\t<\/div>\n\t\t\t\t\t<\/div>\n\t\t<\/div>\n\t\t\t\t\t<\/div>\n\t\t<\/section>\n\t\t\t\t<section class=\"elementor-section elementor-top-section elementor-element elementor-element-59deeb4 elementor-section-height-min-height elementor-section-items-stretch elementor-section-boxed elementor-section-height-default\" data-id=\"59deeb4\" data-element_type=\"section\" data-e-type=\"section\" data-settings=\"{&quot;background_background&quot;:&quot;classic&quot;,&quot;_ha_eqh_enable&quot;:false}\">\n\t\t\t\t\t\t<div class=\"elementor-container elementor-column-gap-default\">\n\t\t\t\t\t<div class=\"elementor-column elementor-col-50 elementor-top-column elementor-element elementor-element-a6e26ff\" data-id=\"a6e26ff\" data-element_type=\"column\" data-e-type=\"column\">\n\t\t\t<div class=\"elementor-widget-wrap elementor-element-populated\">\n\t\t\t\t\t\t<div class=\"elementor-element elementor-element-623b353 elementor-widget elementor-widget-heading\" data-id=\"623b353\" data-element_type=\"widget\" data-e-type=\"widget\" data-widget_type=\"heading.default\">\n\t\t\t\t\t<h3 class=\"elementor-heading-title elementor-size-default\">Ihre ruhige Auszeit erwartet Sie. Erwachen Sie mit dem Klang des Flusses und dem Fl\u00fcstern der Berge.<\/h3>\t\t\t\t<\/div>\n\t\t\t\t<section class=\"elementor-section elementor-inner-section elementor-element elementor-element-77a8af6 elementor-section-full_width elementor-section-height-default elementor-section-height-default\" data-id=\"77a8af6\" data-element_type=\"section\" data-e-type=\"section\" data-settings=\"{&quot;_ha_eqh_enable&quot;:false}\">\n\t\t\t\t\t\t<div class=\"elementor-container elementor-column-gap-default\">\n\t\t\t\t\t<div class=\"elementor-column elementor-col-100 elementor-inner-column elementor-element elementor-element-4fcb3eb\" data-id=\"4fcb3eb\" data-element_type=\"column\" data-e-type=\"column\">\n\t\t\t<div class=\"elementor-widget-wrap elementor-element-populated\">\n\t\t\t\t\t\t<div class=\"elementor-element elementor-element-d002afd elementor-widget elementor-widget-text-editor\" data-id=\"d002afd\" data-element_type=\"widget\" data-e-type=\"widget\" data-widget_type=\"text-editor.default\">\n\t\t\t\t\t\t\t\t\t<p id=\"desc-0\">Erwachen Sie mit dem Klang des Flusses und dem Fl\u00fcstern der Berge. Im Rugova Camp bieten unsere gem\u00fctlichen und privaten Zimmer den perfekten R\u00fcckzugsort nach einem Tag in der Natur. Umgeben von alpiner Landschaft und frischer Bergluft ist jedes Zimmer darauf ausgelegt, Ihnen Ruhe, Komfort und eine tiefe Verbindung zum friedlichen Rhythmus Rugovas zu schenken. Ob f\u00fcr ein entspanntes Wochenende oder einen l\u00e4ngeren Aufenthalt \u2013 Ihre Zeit hier wird von Ruhe, W\u00e4rme und unvergesslichen Ausblicken erf\u00fcllt sein.<\/p>\t\t\t\t\t\t\t\t<\/div>\n\t\t\t\t<div class=\"elementor-element elementor-element-98af87c elementor-align-left elementor-widget elementor-widget-button\" data-id=\"98af87c\" data-element_type=\"widget\" data-e-type=\"widget\" data-widget_type=\"button.default\">\n\t\t\t\t\t\t\t\t\t\t<a class=\"elementor-button elementor-button-link elementor-size-sm\" href=\"https:\/\/www.booking.com\/hotel\/xk\/villa-rugova-camp.en-gb.html?aid=2311236&#038;label=en-xk-booking-desktop-K5RdKGOM9t0KdK65F_UkKAS652828998412%3Apl%3Ata%3Ap1%3Ap2%3Aac%3Aap%3Aneg%3Afi%3Atikwd-65526620%3Alp9070446%3Ali%3Adec%3Adm-Share-H6RArAg%401750153482&#038;sid=1633b39ea7e51dc9ad2015494586e319&#038;dest_id=900050010&#038;dest_type=city&#038;dist=0&#038;group_adults=2&#038;group_children=0&#038;hapos=1&#038;hpos=1&#038;no_rooms=1&#038;req_adults=2&#038;req_children=0&#038;room1=A%2CA&#038;sb_price_type=total&#038;sr_order=popularity&#038;srepoch=1750153517&#038;srpvid=557a449147110169&#038;type=total&#038;ucfs=1&#038;\" target=\"_blank\">\n\t\t\t\t\t\t<span class=\"elementor-button-content-wrapper\">\n\t\t\t\t\t\t<span class=\"elementor-button-icon\">\n\t\t\t\t<i aria-hidden=\"true\" class=\"fas fa-arrow-right\"><\/i>\t\t\t<\/span>\n\t\t\t\t\t\t\t\t\t<span class=\"elementor-button-text\">Jetzt buchen<\/span>\n\t\t\t\t\t<\/span>\n\t\t\t\t\t<\/a>\n\t\t\t\t\t\t\t\t<\/div>\n\t\t\t\t\t<\/div>\n\t\t<\/div>\n\t\t\t\t\t<\/div>\n\t\t<\/section>\n\t\t\t\t\t<\/div>\n\t\t<\/div>\n\t\t\t\t<div class=\"elementor-column elementor-col-50 elementor-top-column elementor-element elementor-element-3a4f889\" data-id=\"3a4f889\" data-element_type=\"column\" data-e-type=\"column\" data-settings=\"{&quot;background_background&quot;:&quot;classic&quot;}\">\n\t\t\t<div class=\"elementor-widget-wrap elementor-element-populated\">\n\t\t\t\t\t\t<div class=\"elementor-element elementor-element-e766c0f elementor-widget elementor-widget-spacer\" data-id=\"e766c0f\" data-element_type=\"widget\" data-e-type=\"widget\" data-widget_type=\"spacer.default\">\n\t\t\t\t\t\t\t<div class=\"elementor-spacer\">\n\t\t\t<div class=\"elementor-spacer-inner\"><\/div>\n\t\t<\/div>\n\t\t\t\t\t\t<\/div>\n\t\t\t\t\t<\/div>\n\t\t<\/div>\n\t\t\t\t\t<\/div>\n\t\t<\/section>\n\t\t\t\t<section class=\"elementor-section elementor-top-section elementor-element elementor-element-08982ae elementor-section-boxed elementor-section-height-default elementor-section-height-default\" data-id=\"08982ae\" data-element_type=\"section\" data-e-type=\"section\" data-settings=\"{&quot;background_background&quot;:&quot;classic&quot;,&quot;_ha_eqh_enable&quot;:false}\">\n\t\t\t\t\t\t<div class=\"elementor-container elementor-column-gap-default\">\n\t\t\t\t\t<div class=\"elementor-column elementor-col-100 elementor-top-column elementor-element elementor-element-fc86ca3\" data-id=\"fc86ca3\" data-element_type=\"column\" data-e-type=\"column\">\n\t\t\t<div class=\"elementor-widget-wrap elementor-element-populated\">\n\t\t\t\t\t\t<div class=\"elementor-element elementor-element-6799b52 elementor-widget elementor-widget-heading\" data-id=\"6799b52\" data-element_type=\"widget\" data-e-type=\"widget\" data-widget_type=\"heading.default\">\n\t\t\t\t\t<h3 class=\"elementor-heading-title elementor-size-default\">A few snapshots from our - Hotel &amp; Rooms<\/h3>\t\t\t\t<\/div>\n\t\t\t\t<div class=\"elementor-element elementor-element-edf068e elementor-widget elementor-widget-gallery\" data-id=\"edf068e\" data-element_type=\"widget\" data-e-type=\"widget\" data-settings=\"{&quot;overlay_title&quot;:&quot;title&quot;,&quot;image_hover_animation&quot;:&quot;grow&quot;,&quot;columns_mobile&quot;:2,&quot;lazyload&quot;:&quot;yes&quot;,&quot;gallery_layout&quot;:&quot;grid&quot;,&quot;columns&quot;:4,&quot;columns_tablet&quot;:2,&quot;gap&quot;:{&quot;unit&quot;:&quot;px&quot;,&quot;size&quot;:10,&quot;sizes&quot;:[]},&quot;gap_tablet&quot;:{&quot;unit&quot;:&quot;px&quot;,&quot;size&quot;:10,&quot;sizes&quot;:[]},&quot;gap_mobile&quot;:{&quot;unit&quot;:&quot;px&quot;,&quot;size&quot;:10,&quot;sizes&quot;:[]},&quot;link_to&quot;:&quot;file&quot;,&quot;aspect_ratio&quot;:&quot;3:2&quot;,&quot;overlay_background&quot;:&quot;yes&quot;,&quot;content_hover_animation&quot;:&quot;fade-in&quot;}\" data-widget_type=\"gallery.default\">\n\t\t\t\t\t\t\t<div class=\"elementor-gallery__container\">\n\t\t\t\t\t\t\t<a class=\"e-gallery-item elementor-gallery-item elementor-animated-content\" href=\"https:\/\/rugovacamp.com\/wp-content\/uploads\/2025\/06\/25.jpg\" data-elementor-open-lightbox=\"yes\" data-elementor-lightbox-slideshow=\"edf068e\" data-elementor-lightbox-title=\"Rugova Camp\" data-e-action-hash=\"#elementor-action%3Aaction%3Dlightbox%26settings%3DeyJpZCI6MTYwMywidXJsIjoiaHR0cHM6XC9cL3J1Z292YWNhbXAuY29tXC93cC1jb250ZW50XC91cGxvYWRzXC8yMDI1XC8wNlwvMjUuanBnIiwic2xpZGVzaG93IjoiZWRmMDY4ZSJ9\">\n\t\t\t\t\t<div class=\"e-gallery-image elementor-gallery-item__image\" data-thumbnail=\"https:\/\/rugovacamp.com\/wp-content\/uploads\/2025\/06\/25.jpg\" data-width=\"1200\" data-height=\"1600\" aria-label=\"\" role=\"img\" ><\/div>\n\t\t\t\t\t\t\t\t\t\t\t<div class=\"elementor-gallery-item__overlay\"><\/div>\n\t\t\t\t\t\t\t\t\t\t\t\t\t\t\t<div class=\"elementor-gallery-item__content\">\n\t\t\t\t\t\t\t\t\t\t\t\t\t\t<div class=\"elementor-gallery-item__title\">\n\t\t\t\t\t\t\t\t\t\t\t\t\t\t\t\t\t\tRugova Camp\t\t\t\t\t\t\t\t<\/div>\n\t\t\t\t\t\t\t\t\t\t\t\t<\/div>\n\t\t\t\t\t\t\t\t\t<\/a>\n\t\t\t\t\t\t\t<a class=\"e-gallery-item elementor-gallery-item elementor-animated-content\" href=\"https:\/\/rugovacamp.com\/wp-content\/uploads\/2025\/06\/28.jpg\" data-elementor-open-lightbox=\"yes\" data-elementor-lightbox-slideshow=\"edf068e\" data-elementor-lightbox-title=\"Rugova Camp\" data-e-action-hash=\"#elementor-action%3Aaction%3Dlightbox%26settings%3DeyJpZCI6MTYwNiwidXJsIjoiaHR0cHM6XC9cL3J1Z292YWNhbXAuY29tXC93cC1jb250ZW50XC91cGxvYWRzXC8yMDI1XC8wNlwvMjguanBnIiwic2xpZGVzaG93IjoiZWRmMDY4ZSJ9\">\n\t\t\t\t\t<div class=\"e-gallery-image elementor-gallery-item__image\" data-thumbnail=\"https:\/\/rugovacamp.com\/wp-content\/uploads\/2025\/06\/28.jpg\" data-width=\"1200\" data-height=\"1600\" aria-label=\"\" role=\"img\" ><\/div>\n\t\t\t\t\t\t\t\t\t\t\t<div class=\"elementor-gallery-item__overlay\"><\/div>\n\t\t\t\t\t\t\t\t\t\t\t\t\t\t\t<div class=\"elementor-gallery-item__content\">\n\t\t\t\t\t\t\t\t\t\t\t\t\t\t<div class=\"elementor-gallery-item__title\">\n\t\t\t\t\t\t\t\t\t\t\t\t\t\t\t\t\t\tRugova Camp\t\t\t\t\t\t\t\t<\/div>\n\t\t\t\t\t\t\t\t\t\t\t\t<\/div>\n\t\t\t\t\t\t\t\t\t<\/a>\n\t\t\t\t\t\t\t<a class=\"e-gallery-item elementor-gallery-item elementor-animated-content\" href=\"https:\/\/rugovacamp.com\/wp-content\/uploads\/2025\/06\/18.jpg\" data-elementor-open-lightbox=\"yes\" data-elementor-lightbox-slideshow=\"edf068e\" data-elementor-lightbox-title=\"Rugova Camp\" data-e-action-hash=\"#elementor-action%3Aaction%3Dlightbox%26settings%3DeyJpZCI6MTU5OSwidXJsIjoiaHR0cHM6XC9cL3J1Z292YWNhbXAuY29tXC93cC1jb250ZW50XC91cGxvYWRzXC8yMDI1XC8wNlwvMTguanBnIiwic2xpZGVzaG93IjoiZWRmMDY4ZSJ9\">\n\t\t\t\t\t<div class=\"e-gallery-image elementor-gallery-item__image\" data-thumbnail=\"https:\/\/rugovacamp.com\/wp-content\/uploads\/2025\/06\/18.jpg\" data-width=\"1200\" data-height=\"1600\" aria-label=\"\" role=\"img\" ><\/div>\n\t\t\t\t\t\t\t\t\t\t\t<div class=\"elementor-gallery-item__overlay\"><\/div>\n\t\t\t\t\t\t\t\t\t\t\t\t\t\t\t<div class=\"elementor-gallery-item__content\">\n\t\t\t\t\t\t\t\t\t\t\t\t\t\t<div class=\"elementor-gallery-item__title\">\n\t\t\t\t\t\t\t\t\t\t\t\t\t\t\t\t\t\tRugova Camp\t\t\t\t\t\t\t\t<\/div>\n\t\t\t\t\t\t\t\t\t\t\t\t<\/div>\n\t\t\t\t\t\t\t\t\t<\/a>\n\t\t\t\t\t\t\t<a class=\"e-gallery-item elementor-gallery-item elementor-animated-content\" href=\"https:\/\/rugovacamp.com\/wp-content\/uploads\/2025\/06\/19.jpg\" data-elementor-open-lightbox=\"yes\" data-elementor-lightbox-slideshow=\"edf068e\" data-elementor-lightbox-title=\"Rugova Camp\" data-e-action-hash=\"#elementor-action%3Aaction%3Dlightbox%26settings%3DeyJpZCI6MTYwMCwidXJsIjoiaHR0cHM6XC9cL3J1Z292YWNhbXAuY29tXC93cC1jb250ZW50XC91cGxvYWRzXC8yMDI1XC8wNlwvMTkuanBnIiwic2xpZGVzaG93IjoiZWRmMDY4ZSJ9\">\n\t\t\t\t\t<div class=\"e-gallery-image elementor-gallery-item__image\" data-thumbnail=\"https:\/\/rugovacamp.com\/wp-content\/uploads\/2025\/06\/19.jpg\" data-width=\"1200\" data-height=\"1600\" aria-label=\"\" role=\"img\" ><\/div>\n\t\t\t\t\t\t\t\t\t\t\t<div class=\"elementor-gallery-item__overlay\"><\/div>\n\t\t\t\t\t\t\t\t\t\t\t\t\t\t\t<div class=\"elementor-gallery-item__content\">\n\t\t\t\t\t\t\t\t\t\t\t\t\t\t<div class=\"elementor-gallery-item__title\">\n\t\t\t\t\t\t\t\t\t\t\t\t\t\t\t\t\t\tRugova Camp\t\t\t\t\t\t\t\t<\/div>\n\t\t\t\t\t\t\t\t\t\t\t\t<\/div>\n\t\t\t\t\t\t\t\t\t<\/a>\n\t\t\t\t\t<\/div>\n\t\t\t\t\t<\/div>\n\t\t\t\t\t<\/div>\n\t\t<\/div>\n\t\t\t\t\t<\/div>\n\t\t<\/section>\n\t\t\t\t<\/div>","protected":false},"excerpt":{"rendered":"<p>Hotel &amp; Rooms Stay in Mountain Comfort Your Peaceful Escape Awaits. Wake up to the sound of the river and the whispers of the mountains. Wake up to the sound of the river and the whispers of the mountains. At Rugova Camp, our cozy and private rooms offer the perfect retreat after a day in [&hellip;]<\/p>\n","protected":false},"author":1,"featured_media":0,"parent":0,"menu_order":0,"comment_status":"closed","ping_status":"closed","template":"elementor_header_footer","meta":{"footnotes":""},"class_list":["post-158","page","type-page","status-publish","hentry"],"yoast_head":"<!-- This site is optimized with the Yoast SEO plugin v25.1 - https:\/\/yoast.com\/wordpress\/plugins\/seo\/ -->\n<title>Hotel &amp; Rooms - Rugova Camp<\/title>\n<meta name=\"robots\" content=\"index, follow, max-snippet:-1, max-image-preview:large, max-video-preview:-1\" \/>\n<link rel=\"canonical\" href=\"https:\/\/rugovacamp.com\/de\/hotel-rooms\/\" \/>\n<meta property=\"og:locale\" content=\"de_DE\" \/>\n<meta property=\"og:type\" content=\"article\" \/>\n<meta property=\"og:title\" content=\"Hotel &amp; Rooms - Rugova Camp\" \/>\n<meta property=\"og:description\" content=\"Hotel &amp; Rooms Stay in Mountain Comfort Your Peaceful Escape Awaits. Wake up to the sound of the river and the whispers of the mountains. Wake up to the sound of the river and the whispers of the mountains. At Rugova Camp, our cozy and private rooms offer the perfect retreat after a day in [&hellip;]\" \/>\n<meta property=\"og:url\" content=\"https:\/\/rugovacamp.com\/de\/hotel-rooms\/\" \/>\n<meta property=\"og:site_name\" content=\"Rugova Camp\" \/>\n<meta property=\"article:modified_time\" content=\"2025-06-23T20:18:42+00:00\" \/>\n<meta name=\"twitter:card\" content=\"summary_large_image\" \/>\n<meta name=\"twitter:label1\" content=\"Est. reading time\" \/>\n\t<meta name=\"twitter:data1\" content=\"1\u00a0Minute\" \/>\n<script type=\"application\/ld+json\" class=\"yoast-schema-graph\">{\"@context\":\"https:\/\/schema.org\",\"@graph\":[{\"@type\":\"WebPage\",\"@id\":\"https:\/\/rugovacamp.com\/hotel-rooms\/\",\"url\":\"https:\/\/rugovacamp.com\/hotel-rooms\/\",\"name\":\"Hotel &amp; Rooms - Rugova Camp\",\"isPartOf\":{\"@id\":\"https:\/\/rugovacamp.com\/#website\"},\"datePublished\":\"2025-05-16T14:47:16+00:00\",\"dateModified\":\"2025-06-23T20:18:42+00:00\",\"breadcrumb\":{\"@id\":\"https:\/\/rugovacamp.com\/hotel-rooms\/#breadcrumb\"},\"inLanguage\":\"de\",\"potentialAction\":[{\"@type\":\"ReadAction\",\"target\":[\"https:\/\/rugovacamp.com\/hotel-rooms\/\"]}]},{\"@type\":\"BreadcrumbList\",\"@id\":\"https:\/\/rugovacamp.com\/hotel-rooms\/#breadcrumb\",\"itemListElement\":[{\"@type\":\"ListItem\",\"position\":1,\"name\":\"Home\",\"item\":\"https:\/\/rugovacamp.com\/\"},{\"@type\":\"ListItem\",\"position\":2,\"name\":\"Hotel &amp; Rooms\"}]},{\"@type\":\"WebSite\",\"@id\":\"https:\/\/rugovacamp.com\/#website\",\"url\":\"https:\/\/rugovacamp.com\/\",\"name\":\"Rugova Camp\",\"description\":\"\",\"publisher\":{\"@id\":\"https:\/\/rugovacamp.com\/#organization\"},\"potentialAction\":[{\"@type\":\"SearchAction\",\"target\":{\"@type\":\"EntryPoint\",\"urlTemplate\":\"https:\/\/rugovacamp.com\/?s={search_term_string}\"},\"query-input\":{\"@type\":\"PropertyValueSpecification\",\"valueRequired\":true,\"valueName\":\"search_term_string\"}}],\"inLanguage\":\"de\"},{\"@type\":\"Organization\",\"@id\":\"https:\/\/rugovacamp.com\/#organization\",\"name\":\"Rugova Camp\",\"url\":\"https:\/\/rugovacamp.com\/\",\"logo\":{\"@type\":\"ImageObject\",\"inLanguage\":\"de\",\"@id\":\"https:\/\/rugovacamp.com\/#\/schema\/logo\/image\/\",\"url\":\"https:\/\/rugovacamp.com\/wp-content\/uploads\/2023\/10\/cropped-Logo-3.png\",\"contentUrl\":\"https:\/\/rugovacamp.com\/wp-content\/uploads\/2023\/10\/cropped-Logo-3.png\",\"width\":350,\"height\":250,\"caption\":\"Rugova Camp\"},\"image\":{\"@id\":\"https:\/\/rugovacamp.com\/#\/schema\/logo\/image\/\"}}]}<\/script>\n<!-- \/ Yoast SEO plugin. -->","yoast_head_json":{"title":"Hotel &amp; Rooms - Rugova Camp","robots":{"index":"index","follow":"follow","max-snippet":"max-snippet:-1","max-image-preview":"max-image-preview:large","max-video-preview":"max-video-preview:-1"},"canonical":"https:\/\/rugovacamp.com\/de\/hotel-rooms\/","og_locale":"de_DE","og_type":"article","og_title":"Hotel &amp; Rooms - Rugova Camp","og_description":"Hotel &amp; Rooms Stay in Mountain Comfort Your Peaceful Escape Awaits. Wake up to the sound of the river and the whispers of the mountains. Wake up to the sound of the river and the whispers of the mountains. At Rugova Camp, our cozy and private rooms offer the perfect retreat after a day in [&hellip;]","og_url":"https:\/\/rugovacamp.com\/de\/hotel-rooms\/","og_site_name":"Rugova Camp","article_modified_time":"2025-06-23T20:18:42+00:00","twitter_card":"summary_large_image","twitter_misc":{"Est. reading time":"1\u00a0Minute"},"schema":{"@context":"https:\/\/schema.org","@graph":[{"@type":"WebPage","@id":"https:\/\/rugovacamp.com\/hotel-rooms\/","url":"https:\/\/rugovacamp.com\/hotel-rooms\/","name":"Hotel &amp; Rooms - Rugova Camp","isPartOf":{"@id":"https:\/\/rugovacamp.com\/#website"},"datePublished":"2025-05-16T14:47:16+00:00","dateModified":"2025-06-23T20:18:42+00:00","breadcrumb":{"@id":"https:\/\/rugovacamp.com\/hotel-rooms\/#breadcrumb"},"inLanguage":"de","potentialAction":[{"@type":"ReadAction","target":["https:\/\/rugovacamp.com\/hotel-rooms\/"]}]},{"@type":"BreadcrumbList","@id":"https:\/\/rugovacamp.com\/hotel-rooms\/#breadcrumb","itemListElement":[{"@type":"ListItem","position":1,"name":"Home","item":"https:\/\/rugovacamp.com\/"},{"@type":"ListItem","position":2,"name":"Hotel &amp; Rooms"}]},{"@type":"WebSite","@id":"https:\/\/rugovacamp.com\/#website","url":"https:\/\/rugovacamp.com\/","name":"Rugova Camp","description":"","publisher":{"@id":"https:\/\/rugovacamp.com\/#organization"},"potentialAction":[{"@type":"SearchAction","target":{"@type":"EntryPoint","urlTemplate":"https:\/\/rugovacamp.com\/?s={search_term_string}"},"query-input":{"@type":"PropertyValueSpecification","valueRequired":true,"valueName":"search_term_string"}}],"inLanguage":"de"},{"@type":"Organization","@id":"https:\/\/rugovacamp.com\/#organization","name":"Rugova Camp","url":"https:\/\/rugovacamp.com\/","logo":{"@type":"ImageObject","inLanguage":"de","@id":"https:\/\/rugovacamp.com\/#\/schema\/logo\/image\/","url":"https:\/\/rugovacamp.com\/wp-content\/uploads\/2023\/10\/cropped-Logo-3.png","contentUrl":"https:\/\/rugovacamp.com\/wp-content\/uploads\/2023\/10\/cropped-Logo-3.png","width":350,"height":250,"caption":"Rugova Camp"},"image":{"@id":"https:\/\/rugovacamp.com\/#\/schema\/logo\/image\/"}}]}},"_links":{"self":[{"href":"https:\/\/rugovacamp.com\/de\/wp-json\/wp\/v2\/pages\/158","targetHints":{"allow":["GET"]}}],"collection":[{"href":"https:\/\/rugovacamp.com\/de\/wp-json\/wp\/v2\/pages"}],"about":[{"href":"https:\/\/rugovacamp.com\/de\/wp-json\/wp\/v2\/types\/page"}],"author":[{"embeddable":true,"href":"https:\/\/rugovacamp.com\/de\/wp-json\/wp\/v2\/users\/1"}],"replies":[{"embeddable":true,"href":"https:\/\/rugovacamp.com\/de\/wp-json\/wp\/v2\/comments?post=158"}],"version-history":[{"count":31,"href":"https:\/\/rugovacamp.com\/de\/wp-json\/wp\/v2\/pages\/158\/revisions"}],"predecessor-version":[{"id":2050,"href":"https:\/\/rugovacamp.com\/de\/wp-json\/wp\/v2\/pages\/158\/revisions\/2050"}],"wp:attachment":[{"href":"https:\/\/rugovacamp.com\/de\/wp-json\/wp\/v2\/media?parent=158"}],"curies":[{"name":"wp","href":"https:\/\/api.w.org\/{rel}","templated":true}]}}