{"id":155,"date":"2025-05-16T14:46:47","date_gmt":"2025-05-16T14:46:47","guid":{"rendered":"https:\/\/deeppink-salmon-363959.hostingersite.com\/?page_id=155"},"modified":"2025-06-23T20:14:37","modified_gmt":"2025-06-23T20:14:37","slug":"restaurant","status":"publish","type":"page","link":"https:\/\/rugovacamp.com\/de\/restaurant\/","title":{"rendered":"Restaurant"},"content":{"rendered":"<div data-elementor-type=\"wp-page\" data-elementor-id=\"155\" class=\"elementor elementor-155\" data-elementor-settings=\"{&quot;ha_cmc_init_switcher&quot;:&quot;no&quot;}\" data-elementor-post-type=\"page\">\n\t\t\t\t\t\t<section class=\"elementor-section elementor-top-section elementor-element elementor-element-9b0f1a1 elementor-section-height-min-height elementor-section-items-bottom elementor-section-content-bottom elementor-section-boxed elementor-section-height-default\" data-id=\"9b0f1a1\" data-element_type=\"section\" data-e-type=\"section\" data-settings=\"{&quot;background_background&quot;:&quot;classic&quot;,&quot;_ha_eqh_enable&quot;:false}\">\n\t\t\t\t\t\t\t<div class=\"elementor-background-overlay\"><\/div>\n\t\t\t\t\t\t\t<div class=\"elementor-container elementor-column-gap-default\">\n\t\t\t\t\t<div class=\"elementor-column elementor-col-100 elementor-top-column elementor-element elementor-element-7bcc255\" data-id=\"7bcc255\" data-element_type=\"column\" data-e-type=\"column\">\n\t\t\t<div class=\"elementor-widget-wrap elementor-element-populated\">\n\t\t\t\t\t\t<div class=\"elementor-element elementor-element-10cfa4e elementor-widget elementor-widget-heading\" data-id=\"10cfa4e\" data-element_type=\"widget\" data-e-type=\"widget\" data-widget_type=\"heading.default\">\n\t\t\t\t\t<h4 class=\"elementor-heading-title elementor-size-default\">Restaurant<\/h4>\t\t\t\t<\/div>\n\t\t\t\t<div class=\"elementor-element elementor-element-62be765 elementor-widget elementor-widget-heading\" data-id=\"62be765\" data-element_type=\"widget\" data-e-type=\"widget\" data-widget_type=\"heading.default\">\n\t\t\t\t\t<h3 class=\"elementor-heading-title elementor-size-default\">Wo Geschmack auf Tradition trifft<\/h3>\t\t\t\t<\/div>\n\t\t\t\t\t<\/div>\n\t\t<\/div>\n\t\t\t\t\t<\/div>\n\t\t<\/section>\n\t\t\t\t<section class=\"elementor-section elementor-top-section elementor-element elementor-element-72147f0 elementor-section-height-min-height elementor-section-items-stretch elementor-section-boxed elementor-section-height-default\" data-id=\"72147f0\" data-element_type=\"section\" data-e-type=\"section\" data-settings=\"{&quot;background_background&quot;:&quot;classic&quot;,&quot;_ha_eqh_enable&quot;:false}\">\n\t\t\t\t\t\t<div class=\"elementor-container elementor-column-gap-default\">\n\t\t\t\t\t<div class=\"elementor-column elementor-col-50 elementor-top-column elementor-element elementor-element-984717c\" data-id=\"984717c\" data-element_type=\"column\" data-e-type=\"column\">\n\t\t\t<div class=\"elementor-widget-wrap elementor-element-populated\">\n\t\t\t\t\t\t<div class=\"elementor-element elementor-element-4a6de0e elementor-widget elementor-widget-heading\" data-id=\"4a6de0e\" data-element_type=\"widget\" data-e-type=\"widget\" data-widget_type=\"heading.default\">\n\t\t\t\t\t<h3 class=\"elementor-heading-title elementor-size-default\">Genie\u00dfen Sie ein unvergessliches Abendessen in unserem Restaurant, wo Forelle unsere Spezialit\u00e4t ist.<\/h3>\t\t\t\t<\/div>\n\t\t\t\t<section class=\"elementor-section elementor-inner-section elementor-element elementor-element-ef4c860 elementor-section-full_width elementor-section-height-default elementor-section-height-default\" data-id=\"ef4c860\" data-element_type=\"section\" data-e-type=\"section\" data-settings=\"{&quot;_ha_eqh_enable&quot;:false}\">\n\t\t\t\t\t\t<div class=\"elementor-container elementor-column-gap-default\">\n\t\t\t\t\t<div class=\"elementor-column elementor-col-100 elementor-inner-column elementor-element elementor-element-af89e32\" data-id=\"af89e32\" data-element_type=\"column\" data-e-type=\"column\">\n\t\t\t<div class=\"elementor-widget-wrap elementor-element-populated\">\n\t\t\t\t\t\t<div class=\"elementor-element elementor-element-0d19928 elementor-widget elementor-widget-text-editor\" data-id=\"0d19928\" data-element_type=\"widget\" data-e-type=\"widget\" data-widget_type=\"text-editor.default\">\n\t\t\t\t\t\t\t\t\t<p id=\"desc-0\">Genie\u00dfen Sie die authentischen Aromen der Berge im Restaurant des Rugova Camp, wo jedes Gericht mit Sorgfalt und nach traditioneller Art zubereitet wird. Unsere Spezialit\u00e4t \u2013 frische Bergforelle \u2013 wird direkt vor Ort in reinem Alpenwasser auf \u00fcber 1000 Metern H\u00f6he gez\u00fcchtet. Zubereitet mit lokalen Zutaten und jahrhundertealten Rezepten bringt unsere K\u00fcche Sie dem Herzen Rugovas n\u00e4her. Ob bei einem ruhigen Mittagessen am Fluss oder einem gem\u00fctlichen Abendessen \u2013 jeder Bissen erz\u00e4hlt eine Geschichte von Natur, Frische und Tradition.<\/p>\t\t\t\t\t\t\t\t<\/div>\n\t\t\t\t<div class=\"elementor-element elementor-element-940c779 elementor-align-left elementor-widget elementor-widget-button\" data-id=\"940c779\" data-element_type=\"widget\" data-e-type=\"widget\" data-widget_type=\"button.default\">\n\t\t\t\t\t\t\t\t\t\t<a class=\"elementor-button elementor-button-link elementor-size-sm\" href=\"https:\/\/www.booking.com\/hotel\/xk\/villa-rugova-camp.en-gb.html?aid=2311236&#038;label=en-xk-booking-desktop-K5RdKGOM9t0KdK65F_UkKAS652828998412%3Apl%3Ata%3Ap1%3Ap2%3Aac%3Aap%3Aneg%3Afi%3Atikwd-65526620%3Alp9070446%3Ali%3Adec%3Adm-Share-H6RArAg%401750153482&#038;sid=1633b39ea7e51dc9ad2015494586e319&#038;dest_id=900050010&#038;dest_type=city&#038;dist=0&#038;group_adults=2&#038;group_children=0&#038;hapos=1&#038;hpos=1&#038;no_rooms=1&#038;req_adults=2&#038;req_children=0&#038;room1=A%2CA&#038;sb_price_type=total&#038;sr_order=popularity&#038;srepoch=1750153517&#038;srpvid=557a449147110169&#038;type=total&#038;ucfs=1&#038;\" target=\"_blank\">\n\t\t\t\t\t\t<span class=\"elementor-button-content-wrapper\">\n\t\t\t\t\t\t<span class=\"elementor-button-icon\">\n\t\t\t\t<i aria-hidden=\"true\" class=\"fas fa-arrow-right\"><\/i>\t\t\t<\/span>\n\t\t\t\t\t\t\t\t\t<span class=\"elementor-button-text\">Jetzt buchen<\/span>\n\t\t\t\t\t<\/span>\n\t\t\t\t\t<\/a>\n\t\t\t\t\t\t\t\t<\/div>\n\t\t\t\t\t<\/div>\n\t\t<\/div>\n\t\t\t\t\t<\/div>\n\t\t<\/section>\n\t\t\t\t\t<\/div>\n\t\t<\/div>\n\t\t\t\t<div class=\"elementor-column elementor-col-50 elementor-top-column elementor-element elementor-element-80c8b5a\" data-id=\"80c8b5a\" data-element_type=\"column\" data-e-type=\"column\" data-settings=\"{&quot;background_background&quot;:&quot;classic&quot;}\">\n\t\t\t<div class=\"elementor-widget-wrap elementor-element-populated\">\n\t\t\t\t\t\t<div class=\"elementor-element elementor-element-7ebf4f4 elementor-widget elementor-widget-spacer\" data-id=\"7ebf4f4\" data-element_type=\"widget\" data-e-type=\"widget\" data-widget_type=\"spacer.default\">\n\t\t\t\t\t\t\t<div class=\"elementor-spacer\">\n\t\t\t<div class=\"elementor-spacer-inner\"><\/div>\n\t\t<\/div>\n\t\t\t\t\t\t<\/div>\n\t\t\t\t\t<\/div>\n\t\t<\/div>\n\t\t\t\t\t<\/div>\n\t\t<\/section>\n\t\t\t\t<section class=\"elementor-section elementor-top-section elementor-element elementor-element-16da3d9 elementor-section-boxed elementor-section-height-default elementor-section-height-default\" data-id=\"16da3d9\" data-element_type=\"section\" data-e-type=\"section\" data-settings=\"{&quot;background_background&quot;:&quot;classic&quot;,&quot;_ha_eqh_enable&quot;:false}\">\n\t\t\t\t\t\t<div class=\"elementor-container elementor-column-gap-default\">\n\t\t\t\t\t<div class=\"elementor-column elementor-col-100 elementor-top-column elementor-element elementor-element-bc7f553\" data-id=\"bc7f553\" data-element_type=\"column\" data-e-type=\"column\">\n\t\t\t<div class=\"elementor-widget-wrap elementor-element-populated\">\n\t\t\t\t\t\t<div class=\"elementor-element elementor-element-2394c91 elementor-widget elementor-widget-heading\" data-id=\"2394c91\" data-element_type=\"widget\" data-e-type=\"widget\" data-widget_type=\"heading.default\">\n\t\t\t\t\t<h3 class=\"elementor-heading-title elementor-size-default\">Ein paar Schnappsch\u00fcsse aus unserem \u2013 Restaurant<\/h3>\t\t\t\t<\/div>\n\t\t\t\t<div class=\"elementor-element elementor-element-803b2f8 elementor-widget elementor-widget-gallery\" data-id=\"803b2f8\" data-element_type=\"widget\" data-e-type=\"widget\" data-settings=\"{&quot;overlay_title&quot;:&quot;title&quot;,&quot;image_hover_animation&quot;:&quot;grow&quot;,&quot;columns_mobile&quot;:2,&quot;lazyload&quot;:&quot;yes&quot;,&quot;gallery_layout&quot;:&quot;grid&quot;,&quot;columns&quot;:4,&quot;columns_tablet&quot;:2,&quot;gap&quot;:{&quot;unit&quot;:&quot;px&quot;,&quot;size&quot;:10,&quot;sizes&quot;:[]},&quot;gap_tablet&quot;:{&quot;unit&quot;:&quot;px&quot;,&quot;size&quot;:10,&quot;sizes&quot;:[]},&quot;gap_mobile&quot;:{&quot;unit&quot;:&quot;px&quot;,&quot;size&quot;:10,&quot;sizes&quot;:[]},&quot;link_to&quot;:&quot;file&quot;,&quot;aspect_ratio&quot;:&quot;3:2&quot;,&quot;overlay_background&quot;:&quot;yes&quot;,&quot;content_hover_animation&quot;:&quot;fade-in&quot;}\" data-widget_type=\"gallery.default\">\n\t\t\t\t\t\t\t<div class=\"elementor-gallery__container\">\n\t\t\t\t\t\t\t<a class=\"e-gallery-item elementor-gallery-item elementor-animated-content\" href=\"https:\/\/rugovacamp.com\/wp-content\/uploads\/2025\/06\/56.jpg\" data-elementor-open-lightbox=\"yes\" data-elementor-lightbox-slideshow=\"803b2f8\" data-elementor-lightbox-title=\"Rugova Camp\" data-e-action-hash=\"#elementor-action%3Aaction%3Dlightbox%26settings%3DeyJpZCI6MTYyNSwidXJsIjoiaHR0cHM6XC9cL3J1Z292YWNhbXAuY29tXC93cC1jb250ZW50XC91cGxvYWRzXC8yMDI1XC8wNlwvNTYuanBnIiwic2xpZGVzaG93IjoiODAzYjJmOCJ9\">\n\t\t\t\t\t<div class=\"e-gallery-image elementor-gallery-item__image\" data-thumbnail=\"https:\/\/rugovacamp.com\/wp-content\/uploads\/2025\/06\/56.jpg\" data-width=\"1200\" data-height=\"1600\" aria-label=\"\" role=\"img\" ><\/div>\n\t\t\t\t\t\t\t\t\t\t\t<div class=\"elementor-gallery-item__overlay\"><\/div>\n\t\t\t\t\t\t\t\t\t\t\t\t\t\t\t<div class=\"elementor-gallery-item__content\">\n\t\t\t\t\t\t\t\t\t\t\t\t\t\t<div class=\"elementor-gallery-item__title\">\n\t\t\t\t\t\t\t\t\t\t\t\t\t\t\t\t\t\tRugova Camp\t\t\t\t\t\t\t\t<\/div>\n\t\t\t\t\t\t\t\t\t\t\t\t<\/div>\n\t\t\t\t\t\t\t\t\t<\/a>\n\t\t\t\t\t\t\t<a class=\"e-gallery-item elementor-gallery-item elementor-animated-content\" href=\"https:\/\/rugovacamp.com\/wp-content\/uploads\/2025\/06\/62.jpg\" data-elementor-open-lightbox=\"yes\" data-elementor-lightbox-slideshow=\"803b2f8\" data-elementor-lightbox-title=\"Rugova Camp\" data-e-action-hash=\"#elementor-action%3Aaction%3Dlightbox%26settings%3DeyJpZCI6MTYyOSwidXJsIjoiaHR0cHM6XC9cL3J1Z292YWNhbXAuY29tXC93cC1jb250ZW50XC91cGxvYWRzXC8yMDI1XC8wNlwvNjIuanBnIiwic2xpZGVzaG93IjoiODAzYjJmOCJ9\">\n\t\t\t\t\t<div class=\"e-gallery-image elementor-gallery-item__image\" data-thumbnail=\"https:\/\/rugovacamp.com\/wp-content\/uploads\/2025\/06\/62.jpg\" data-width=\"1200\" data-height=\"1600\" aria-label=\"\" role=\"img\" ><\/div>\n\t\t\t\t\t\t\t\t\t\t\t<div class=\"elementor-gallery-item__overlay\"><\/div>\n\t\t\t\t\t\t\t\t\t\t\t\t\t\t\t<div class=\"elementor-gallery-item__content\">\n\t\t\t\t\t\t\t\t\t\t\t\t\t\t<div class=\"elementor-gallery-item__title\">\n\t\t\t\t\t\t\t\t\t\t\t\t\t\t\t\t\t\tRugova Camp\t\t\t\t\t\t\t\t<\/div>\n\t\t\t\t\t\t\t\t\t\t\t\t<\/div>\n\t\t\t\t\t\t\t\t\t<\/a>\n\t\t\t\t\t\t\t<a class=\"e-gallery-item elementor-gallery-item elementor-animated-content\" href=\"https:\/\/rugovacamp.com\/wp-content\/uploads\/2025\/06\/58.jpg\" data-elementor-open-lightbox=\"yes\" data-elementor-lightbox-slideshow=\"803b2f8\" data-elementor-lightbox-title=\"Rugova Camp\" data-e-action-hash=\"#elementor-action%3Aaction%3Dlightbox%26settings%3DeyJpZCI6MTYyNywidXJsIjoiaHR0cHM6XC9cL3J1Z292YWNhbXAuY29tXC93cC1jb250ZW50XC91cGxvYWRzXC8yMDI1XC8wNlwvNTguanBnIiwic2xpZGVzaG93IjoiODAzYjJmOCJ9\">\n\t\t\t\t\t<div class=\"e-gallery-image elementor-gallery-item__image\" data-thumbnail=\"https:\/\/rugovacamp.com\/wp-content\/uploads\/2025\/06\/58.jpg\" data-width=\"848\" data-height=\"1600\" aria-label=\"\" role=\"img\" ><\/div>\n\t\t\t\t\t\t\t\t\t\t\t<div class=\"elementor-gallery-item__overlay\"><\/div>\n\t\t\t\t\t\t\t\t\t\t\t\t\t\t\t<div class=\"elementor-gallery-item__content\">\n\t\t\t\t\t\t\t\t\t\t\t\t\t\t<div class=\"elementor-gallery-item__title\">\n\t\t\t\t\t\t\t\t\t\t\t\t\t\t\t\t\t\tRugova Camp\t\t\t\t\t\t\t\t<\/div>\n\t\t\t\t\t\t\t\t\t\t\t\t<\/div>\n\t\t\t\t\t\t\t\t\t<\/a>\n\t\t\t\t\t\t\t<a class=\"e-gallery-item elementor-gallery-item elementor-animated-content\" href=\"https:\/\/rugovacamp.com\/wp-content\/uploads\/2025\/06\/50.jpg\" data-elementor-open-lightbox=\"yes\" data-elementor-lightbox-slideshow=\"803b2f8\" data-elementor-lightbox-title=\"Rugova Camp\" data-e-action-hash=\"#elementor-action%3Aaction%3Dlightbox%26settings%3DeyJpZCI6MTYyMSwidXJsIjoiaHR0cHM6XC9cL3J1Z292YWNhbXAuY29tXC93cC1jb250ZW50XC91cGxvYWRzXC8yMDI1XC8wNlwvNTAuanBnIiwic2xpZGVzaG93IjoiODAzYjJmOCJ9\">\n\t\t\t\t\t<div class=\"e-gallery-image elementor-gallery-item__image\" data-thumbnail=\"https:\/\/rugovacamp.com\/wp-content\/uploads\/2025\/06\/50.jpg\" data-width=\"1200\" data-height=\"1600\" aria-label=\"\" role=\"img\" ><\/div>\n\t\t\t\t\t\t\t\t\t\t\t<div class=\"elementor-gallery-item__overlay\"><\/div>\n\t\t\t\t\t\t\t\t\t\t\t\t\t\t\t<div class=\"elementor-gallery-item__content\">\n\t\t\t\t\t\t\t\t\t\t\t\t\t\t<div class=\"elementor-gallery-item__title\">\n\t\t\t\t\t\t\t\t\t\t\t\t\t\t\t\t\t\tRugova Camp\t\t\t\t\t\t\t\t<\/div>\n\t\t\t\t\t\t\t\t\t\t\t\t<\/div>\n\t\t\t\t\t\t\t\t\t<\/a>\n\t\t\t\t\t<\/div>\n\t\t\t\t\t<\/div>\n\t\t\t\t\t<\/div>\n\t\t<\/div>\n\t\t\t\t\t<\/div>\n\t\t<\/section>\n\t\t\t\t<\/div>","protected":false},"excerpt":{"rendered":"<p>Restaurant Where Taste Meets Tradition Enjoy an unforgettable dinner at our restaurant, where trout is our specialty. Savor the authentic flavors of the mountains at Rugova Camp\u2019s restaurant, where every dish is crafted with care and tradition. Our specialty \u2014 fresh mountain trout \u2014 is raised on-site in pure alpine waters over 1000 meters above [&hellip;]<\/p>\n","protected":false},"author":1,"featured_media":0,"parent":0,"menu_order":0,"comment_status":"closed","ping_status":"closed","template":"elementor_header_footer","meta":{"footnotes":""},"class_list":["post-155","page","type-page","status-publish","hentry"],"yoast_head":"<!-- This site is optimized with the Yoast SEO plugin v25.1 - https:\/\/yoast.com\/wordpress\/plugins\/seo\/ -->\n<title>Restaurant - Rugova Camp<\/title>\n<meta name=\"robots\" content=\"index, follow, max-snippet:-1, max-image-preview:large, max-video-preview:-1\" \/>\n<link rel=\"canonical\" href=\"https:\/\/rugovacamp.com\/de\/restaurant\/\" \/>\n<meta property=\"og:locale\" content=\"de_DE\" \/>\n<meta property=\"og:type\" content=\"article\" \/>\n<meta property=\"og:title\" content=\"Restaurant - Rugova Camp\" \/>\n<meta property=\"og:description\" content=\"Restaurant Where Taste Meets Tradition Enjoy an unforgettable dinner at our restaurant, where trout is our specialty. Savor the authentic flavors of the mountains at Rugova Camp\u2019s restaurant, where every dish is crafted with care and tradition. Our specialty \u2014 fresh mountain trout \u2014 is raised on-site in pure alpine waters over 1000 meters above [&hellip;]\" \/>\n<meta property=\"og:url\" content=\"https:\/\/rugovacamp.com\/de\/restaurant\/\" \/>\n<meta property=\"og:site_name\" content=\"Rugova Camp\" \/>\n<meta property=\"article:modified_time\" content=\"2025-06-23T20:14:37+00:00\" \/>\n<meta name=\"twitter:card\" content=\"summary_large_image\" \/>\n<meta name=\"twitter:label1\" content=\"Est. reading time\" \/>\n\t<meta name=\"twitter:data1\" content=\"1\u00a0Minute\" \/>\n<script type=\"application\/ld+json\" class=\"yoast-schema-graph\">{\"@context\":\"https:\/\/schema.org\",\"@graph\":[{\"@type\":\"WebPage\",\"@id\":\"https:\/\/rugovacamp.com\/restaurant\/\",\"url\":\"https:\/\/rugovacamp.com\/restaurant\/\",\"name\":\"Restaurant - Rugova Camp\",\"isPartOf\":{\"@id\":\"https:\/\/rugovacamp.com\/#website\"},\"datePublished\":\"2025-05-16T14:46:47+00:00\",\"dateModified\":\"2025-06-23T20:14:37+00:00\",\"breadcrumb\":{\"@id\":\"https:\/\/rugovacamp.com\/restaurant\/#breadcrumb\"},\"inLanguage\":\"de\",\"potentialAction\":[{\"@type\":\"ReadAction\",\"target\":[\"https:\/\/rugovacamp.com\/restaurant\/\"]}]},{\"@type\":\"BreadcrumbList\",\"@id\":\"https:\/\/rugovacamp.com\/restaurant\/#breadcrumb\",\"itemListElement\":[{\"@type\":\"ListItem\",\"position\":1,\"name\":\"Home\",\"item\":\"https:\/\/rugovacamp.com\/\"},{\"@type\":\"ListItem\",\"position\":2,\"name\":\"Restaurant\"}]},{\"@type\":\"WebSite\",\"@id\":\"https:\/\/rugovacamp.com\/#website\",\"url\":\"https:\/\/rugovacamp.com\/\",\"name\":\"Rugova Camp\",\"description\":\"\",\"publisher\":{\"@id\":\"https:\/\/rugovacamp.com\/#organization\"},\"potentialAction\":[{\"@type\":\"SearchAction\",\"target\":{\"@type\":\"EntryPoint\",\"urlTemplate\":\"https:\/\/rugovacamp.com\/?s={search_term_string}\"},\"query-input\":{\"@type\":\"PropertyValueSpecification\",\"valueRequired\":true,\"valueName\":\"search_term_string\"}}],\"inLanguage\":\"de\"},{\"@type\":\"Organization\",\"@id\":\"https:\/\/rugovacamp.com\/#organization\",\"name\":\"Rugova Camp\",\"url\":\"https:\/\/rugovacamp.com\/\",\"logo\":{\"@type\":\"ImageObject\",\"inLanguage\":\"de\",\"@id\":\"https:\/\/rugovacamp.com\/#\/schema\/logo\/image\/\",\"url\":\"https:\/\/rugovacamp.com\/wp-content\/uploads\/2023\/10\/cropped-Logo-3.png\",\"contentUrl\":\"https:\/\/rugovacamp.com\/wp-content\/uploads\/2023\/10\/cropped-Logo-3.png\",\"width\":350,\"height\":250,\"caption\":\"Rugova Camp\"},\"image\":{\"@id\":\"https:\/\/rugovacamp.com\/#\/schema\/logo\/image\/\"}}]}<\/script>\n<!-- \/ Yoast SEO plugin. -->","yoast_head_json":{"title":"Restaurant - Rugova Camp","robots":{"index":"index","follow":"follow","max-snippet":"max-snippet:-1","max-image-preview":"max-image-preview:large","max-video-preview":"max-video-preview:-1"},"canonical":"https:\/\/rugovacamp.com\/de\/restaurant\/","og_locale":"de_DE","og_type":"article","og_title":"Restaurant - Rugova Camp","og_description":"Restaurant Where Taste Meets Tradition Enjoy an unforgettable dinner at our restaurant, where trout is our specialty. Savor the authentic flavors of the mountains at Rugova Camp\u2019s restaurant, where every dish is crafted with care and tradition. Our specialty \u2014 fresh mountain trout \u2014 is raised on-site in pure alpine waters over 1000 meters above [&hellip;]","og_url":"https:\/\/rugovacamp.com\/de\/restaurant\/","og_site_name":"Rugova Camp","article_modified_time":"2025-06-23T20:14:37+00:00","twitter_card":"summary_large_image","twitter_misc":{"Est. reading time":"1\u00a0Minute"},"schema":{"@context":"https:\/\/schema.org","@graph":[{"@type":"WebPage","@id":"https:\/\/rugovacamp.com\/restaurant\/","url":"https:\/\/rugovacamp.com\/restaurant\/","name":"Restaurant - Rugova Camp","isPartOf":{"@id":"https:\/\/rugovacamp.com\/#website"},"datePublished":"2025-05-16T14:46:47+00:00","dateModified":"2025-06-23T20:14:37+00:00","breadcrumb":{"@id":"https:\/\/rugovacamp.com\/restaurant\/#breadcrumb"},"inLanguage":"de","potentialAction":[{"@type":"ReadAction","target":["https:\/\/rugovacamp.com\/restaurant\/"]}]},{"@type":"BreadcrumbList","@id":"https:\/\/rugovacamp.com\/restaurant\/#breadcrumb","itemListElement":[{"@type":"ListItem","position":1,"name":"Home","item":"https:\/\/rugovacamp.com\/"},{"@type":"ListItem","position":2,"name":"Restaurant"}]},{"@type":"WebSite","@id":"https:\/\/rugovacamp.com\/#website","url":"https:\/\/rugovacamp.com\/","name":"Rugova Camp","description":"","publisher":{"@id":"https:\/\/rugovacamp.com\/#organization"},"potentialAction":[{"@type":"SearchAction","target":{"@type":"EntryPoint","urlTemplate":"https:\/\/rugovacamp.com\/?s={search_term_string}"},"query-input":{"@type":"PropertyValueSpecification","valueRequired":true,"valueName":"search_term_string"}}],"inLanguage":"de"},{"@type":"Organization","@id":"https:\/\/rugovacamp.com\/#organization","name":"Rugova Camp","url":"https:\/\/rugovacamp.com\/","logo":{"@type":"ImageObject","inLanguage":"de","@id":"https:\/\/rugovacamp.com\/#\/schema\/logo\/image\/","url":"https:\/\/rugovacamp.com\/wp-content\/uploads\/2023\/10\/cropped-Logo-3.png","contentUrl":"https:\/\/rugovacamp.com\/wp-content\/uploads\/2023\/10\/cropped-Logo-3.png","width":350,"height":250,"caption":"Rugova Camp"},"image":{"@id":"https:\/\/rugovacamp.com\/#\/schema\/logo\/image\/"}}]}},"_links":{"self":[{"href":"https:\/\/rugovacamp.com\/de\/wp-json\/wp\/v2\/pages\/155","targetHints":{"allow":["GET"]}}],"collection":[{"href":"https:\/\/rugovacamp.com\/de\/wp-json\/wp\/v2\/pages"}],"about":[{"href":"https:\/\/rugovacamp.com\/de\/wp-json\/wp\/v2\/types\/page"}],"author":[{"embeddable":true,"href":"https:\/\/rugovacamp.com\/de\/wp-json\/wp\/v2\/users\/1"}],"replies":[{"embeddable":true,"href":"https:\/\/rugovacamp.com\/de\/wp-json\/wp\/v2\/comments?post=155"}],"version-history":[{"count":142,"href":"https:\/\/rugovacamp.com\/de\/wp-json\/wp\/v2\/pages\/155\/revisions"}],"predecessor-version":[{"id":2046,"href":"https:\/\/rugovacamp.com\/de\/wp-json\/wp\/v2\/pages\/155\/revisions\/2046"}],"wp:attachment":[{"href":"https:\/\/rugovacamp.com\/de\/wp-json\/wp\/v2\/media?parent=155"}],"curies":[{"name":"wp","href":"https:\/\/api.w.org\/{rel}","templated":true}]}}